{"id":369,"date":"2025-01-17T10:54:14","date_gmt":"2025-01-17T10:54:14","guid":{"rendered":"https:\/\/www.hidropaisagem.pt\/hidropaisagem\/?page_id=369"},"modified":"2025-01-17T19:49:36","modified_gmt":"2025-01-17T19:49:36","slug":"clientes","status":"publish","type":"page","link":"https:\/\/www.hidropaisagem.pt\/hidropaisagem\/clientes\/","title":{"rendered":"Clientes"},"content":{"rendered":"\t\t<div data-elementor-type=\"wp-page\" data-elementor-id=\"369\" class=\"elementor elementor-369\" data-elementor-post-type=\"page\">\n\t\t\t\t<div class=\"elementor-element elementor-element-4ad2d62 e-con-full e-flex e-con e-parent\" data-id=\"4ad2d62\" data-element_type=\"container\">\n\t\t\t\t<div class=\"elementor-element elementor-element-67f7564 elementor-widget elementor-widget-template\" data-id=\"67f7564\" data-element_type=\"widget\" data-widget_type=\"template.default\">\n\t\t\t\t<div class=\"elementor-widget-container\">\n\t\t\t\t\t\t\t<div class=\"elementor-template\">\n\t\t\t\t\t<div data-elementor-type=\"section\" data-elementor-id=\"103\" class=\"elementor elementor-103\" data-elementor-post-type=\"elementor_library\">\n\t\t\t<div class=\"elementor-element elementor-element-ec49e25 e-flex e-con-boxed e-con e-parent\" data-id=\"ec49e25\" data-element_type=\"container\" data-settings=\"{&quot;background_background&quot;:&quot;classic&quot;}\">\n\t\t\t\t\t<div class=\"e-con-inner\">\n\t\t\t\t<div class=\"elementor-element elementor-element-5059ca2 elementor-widget elementor-widget-heading\" data-id=\"5059ca2\" data-element_type=\"widget\" data-widget_type=\"heading.default\">\n\t\t\t\t<div class=\"elementor-widget-container\">\n\t\t\t\t\t<h2 class=\"elementor-heading-title elementor-size-default\">Clientes<\/h2>\t\t\t\t<\/div>\n\t\t\t\t<\/div>\n\t\t\t\t<div class=\"elementor-element elementor-element-7506c73 elementor-widget elementor-widget-breadcrumbs\" data-id=\"7506c73\" data-element_type=\"widget\" data-widget_type=\"breadcrumbs.default\">\n\t\t\t\t<div class=\"elementor-widget-container\">\n\t\t\t\t\t<p id=\"breadcrumbs\"><span><span><a href=\"https:\/\/www.hidropaisagem.pt\/hidropaisagem\/\">In\u00edcio<\/a><\/span><\/span><\/p>\t\t\t\t<\/div>\n\t\t\t\t<\/div>\n\t\t\t\t\t<\/div>\n\t\t\t\t<\/div>\n\t\t\t\t<\/div>\n\t\t\t\t<\/div>\n\t\t\t\t\t\t<\/div>\n\t\t\t\t<\/div>\n\t\t\t\t<\/div>\n\t\t<div class=\"elementor-element elementor-element-1b207e6 e-flex e-con-boxed e-con e-parent\" data-id=\"1b207e6\" data-element_type=\"container\">\n\t\t\t\t\t<div class=\"e-con-inner\">\n\t\t\t\t<div class=\"elementor-element elementor-element-ba86e06 elementor-widget elementor-widget-heading\" data-id=\"ba86e06\" data-element_type=\"widget\" data-widget_type=\"heading.default\">\n\t\t\t\t<div class=\"elementor-widget-container\">\n\t\t\t\t\t<h6 class=\"elementor-heading-title elementor-size-default\">Clientes<\/h6>\t\t\t\t<\/div>\n\t\t\t\t<\/div>\n\t\t\t\t<div class=\"elementor-element elementor-element-3c42732 elementor-widget elementor-widget-heading\" data-id=\"3c42732\" data-element_type=\"widget\" data-widget_type=\"heading.default\">\n\t\t\t\t<div class=\"elementor-widget-container\">\n\t\t\t\t\t<h3 class=\"elementor-heading-title elementor-size-default\">Conhe\u00e7a os nossos Clientes\n\n<\/h3>\t\t\t\t<\/div>\n\t\t\t\t<\/div>\n\t\t\t\t<div class=\"elementor-element elementor-element-563255f custom-aa custom-ul elementor-widget elementor-widget-text-editor\" data-id=\"563255f\" data-element_type=\"widget\" data-widget_type=\"text-editor.default\">\n\t\t\t\t<div class=\"elementor-widget-container\">\n\t\t\t\t\t\t\t\t\t<ul><li>C\u00e2mara Municipal de Nisa<\/li><li>Herdade da Urgueira &#8211; Perais<\/li><li>C\u00e2mara Municipal da Guarda<\/li><li>C\u00e2mara Municipal de Vila Velha de R\u00f3d\u00e3o<\/li><li>Data Center &#8211; Covilh\u00e3<\/li><li>Bitzer \u2013 Castelo Branco<\/li><li>Interprev, Lda<\/li><li>Intermerch\u00e9 Alcains<\/li><li>Intermarch\u00e9 Idanha a Nova<\/li><li>MECALBI, Lda<\/li><li>H2otel \u2013 Unhais da Serra<\/li><li>Pura L\u00e3 &#8211; Covilh\u00e3<\/li><li>Lojas DIA\/Minipre\u00e7o<\/li><li>Clube de Campo do Covelo<\/li><li>C\u00e2mara Municipal de Castelo Branco<\/li><li>UBI- Universidade da Beira Interior<\/li><li>C\u00e2mara Municipal de Penamacor<\/li><li>IEFP \u2013 Castelo Branco<\/li><li>C\u00e2mara Municipal de Manteigas<\/li><li>C\u00e2mara Municipal de Gouveia<\/li><li>C\u00e2mara Municipal do Fund\u00e3o<\/li><li>C\u00e2mara Municipal da Covilh\u00e3<\/li><li>Centro Hospitalar Cova da Beira<\/li><li>MEPISURFACES, Lda<\/li><li>Burguer King Covilh\u00e3<\/li><li>Burguer King Castelo Branco<\/li><li>Santa Casa da Miseric\u00f3rdia de Penamacor<\/li><li>DINEFER, Lda<\/li><li>Eco Glamping Serra da Gardunha<\/li><li>CIMD &#8211; Fund\u00e3o<\/li><li>DUAFAR, Lda<\/li><li>Ant\u00f3nio Saraiva e Filhos, Lda<\/li><li>Constru\u00e7\u00f5es Jer\u00f3nimo Reis &amp; Afonso, Lda<\/li><li>Eliseu e Farinha, Lda<\/li><li>Diamantino Jorge &amp; Filhoa, Lda<\/li><li>Ant\u00f3nio Louren\u00e7o, Lda<\/li><li>ANT\u00d3NIO J. CRUCHINHO &amp; FILHOS, LDA.<\/li><li>Constrobi, Lda<\/li><li>VIRGILIO ROQUE SOCIEDADE DE CONSTRU\u00c7\u00c3O CIVIL, LDA<\/li><li>Jo\u00e3o de Sousa Baltazar, SA<\/li><li>Lena Engenharia e Constru\u00e7\u00f5es, SA<\/li><li>Jo\u00e3o Tom\u00e9 Saraiva \u2013 Sociedade de Constru\u00e7\u00f5es, Lda<\/li><li>Ant\u00f3nio Sousa Baltazar &amp; Filhos, Lda<\/li><li>Bioesfera, Lda<\/li><li>Lantania Sucursal em Portugal<\/li><li>DIAL Ingenieria Y Construcciones<\/li><li>TSK Electronica Y Electricidade<\/li><li>SOMAGUE &#8211; ENGENHARIA, S.A.<\/li><li>CASAIS &#8211; ENGENHARIA E CONSTRU\u00c7\u00c3O, S. A.<\/li><li>Constrope &#8211; Congevia, Engenharia e Constru\u00e7\u00e3o, S.A<\/li><li>TEIXEIRA DUARTE &#8211; ENGENHARIA E CONSTRU\u00c7\u00d5ES, S.A.<\/li><li>RAMALHO ROSA COBETAR, S.A.<\/li><li>CONDURIL &#8211; CONSTRU\u00c7\u00d5ES, S.A.<\/li><\/ul>\t\t\t\t\t\t\t\t<\/div>\n\t\t\t\t<\/div>\n\t\t\t\t\t<\/div>\n\t\t\t\t<\/div>\n\t\t\t\t<\/div>\n\t\t","protected":false},"excerpt":{"rendered":"<p>Clientes Conhe\u00e7a os nossos Clientes C\u00e2mara Municipal de Nisa Herdade da Urgueira &#8211; Perais C\u00e2mara Municipal da Guarda C\u00e2mara Municipal de Vila Velha de R\u00f3d\u00e3o Data Center &#8211; Covilh\u00e3 Bitzer \u2013 Castelo Branco Interprev, Lda Intermerch\u00e9 Alcains Intermarch\u00e9 Idanha a Nova MECALBI, Lda H2otel \u2013 Unhais da Serra Pura L\u00e3 &#8211; Covilh\u00e3 Lojas DIA\/Minipre\u00e7o Clube [&hellip;]<\/p>\n","protected":false},"author":1,"featured_media":0,"parent":0,"menu_order":0,"comment_status":"closed","ping_status":"closed","template":"","meta":{"footnotes":""},"class_list":["post-369","page","type-page","status-publish","hentry"],"yoast_head":"<!-- This site is optimized with the Yoast SEO plugin v24.1 - https:\/\/yoast.com\/wordpress\/plugins\/seo\/ -->\n<title>Clientes - Hidropaisagem<\/title>\n<meta name=\"robots\" content=\"index, follow, max-snippet:-1, max-image-preview:large, max-video-preview:-1\" \/>\n<link rel=\"canonical\" href=\"https:\/\/www.hidropaisagem.pt\/hidropaisagem\/clientes\/\" \/>\n<meta property=\"og:locale\" content=\"pt_PT\" \/>\n<meta property=\"og:type\" content=\"article\" \/>\n<meta property=\"og:title\" content=\"Clientes - Hidropaisagem\" \/>\n<meta property=\"og:description\" content=\"Clientes Conhe\u00e7a os nossos Clientes C\u00e2mara Municipal de Nisa Herdade da Urgueira &#8211; Perais C\u00e2mara Municipal da Guarda C\u00e2mara Municipal de Vila Velha de R\u00f3d\u00e3o Data Center &#8211; Covilh\u00e3 Bitzer \u2013 Castelo Branco Interprev, Lda Intermerch\u00e9 Alcains Intermarch\u00e9 Idanha a Nova MECALBI, Lda H2otel \u2013 Unhais da Serra Pura L\u00e3 &#8211; Covilh\u00e3 Lojas DIA\/Minipre\u00e7o Clube [&hellip;]\" \/>\n<meta property=\"og:url\" content=\"https:\/\/www.hidropaisagem.pt\/hidropaisagem\/clientes\/\" \/>\n<meta property=\"og:site_name\" content=\"Hidropaisagem\" \/>\n<meta property=\"article:modified_time\" content=\"2025-01-17T19:49:36+00:00\" \/>\n<meta name=\"twitter:card\" content=\"summary_large_image\" \/>\n<meta name=\"twitter:label1\" content=\"Tempo estimado de leitura\" \/>\n\t<meta name=\"twitter:data1\" content=\"2 minutos\" \/>\n<script type=\"application\/ld+json\" class=\"yoast-schema-graph\">{\"@context\":\"https:\/\/schema.org\",\"@graph\":[{\"@type\":\"WebPage\",\"@id\":\"https:\/\/www.hidropaisagem.pt\/hidropaisagem\/clientes\/\",\"url\":\"https:\/\/www.hidropaisagem.pt\/hidropaisagem\/clientes\/\",\"name\":\"Clientes - Hidropaisagem\",\"isPartOf\":{\"@id\":\"https:\/\/www.hidropaisagem.pt\/hidropaisagem\/#website\"},\"datePublished\":\"2025-01-17T10:54:14+00:00\",\"dateModified\":\"2025-01-17T19:49:36+00:00\",\"breadcrumb\":{\"@id\":\"https:\/\/www.hidropaisagem.pt\/hidropaisagem\/clientes\/#breadcrumb\"},\"inLanguage\":\"pt-PT\",\"potentialAction\":[{\"@type\":\"ReadAction\",\"target\":[\"https:\/\/www.hidropaisagem.pt\/hidropaisagem\/clientes\/\"]}]},{\"@type\":\"BreadcrumbList\",\"@id\":\"https:\/\/www.hidropaisagem.pt\/hidropaisagem\/clientes\/#breadcrumb\",\"itemListElement\":[{\"@type\":\"ListItem\",\"position\":1,\"name\":\"In\u00edcio\",\"item\":\"https:\/\/www.hidropaisagem.pt\/hidropaisagem\/\"},{\"@type\":\"ListItem\",\"position\":2,\"name\":\"Clientes\"}]},{\"@type\":\"WebSite\",\"@id\":\"https:\/\/www.hidropaisagem.pt\/hidropaisagem\/#website\",\"url\":\"https:\/\/www.hidropaisagem.pt\/hidropaisagem\/\",\"name\":\"Hidropaisagem\",\"description\":\"\",\"potentialAction\":[{\"@type\":\"SearchAction\",\"target\":{\"@type\":\"EntryPoint\",\"urlTemplate\":\"https:\/\/www.hidropaisagem.pt\/hidropaisagem\/?s={search_term_string}\"},\"query-input\":{\"@type\":\"PropertyValueSpecification\",\"valueRequired\":true,\"valueName\":\"search_term_string\"}}],\"inLanguage\":\"pt-PT\"}]}<\/script>\n<!-- \/ Yoast SEO plugin. -->","yoast_head_json":{"title":"Clientes - Hidropaisagem","robots":{"index":"index","follow":"follow","max-snippet":"max-snippet:-1","max-image-preview":"max-image-preview:large","max-video-preview":"max-video-preview:-1"},"canonical":"https:\/\/www.hidropaisagem.pt\/hidropaisagem\/clientes\/","og_locale":"pt_PT","og_type":"article","og_title":"Clientes - Hidropaisagem","og_description":"Clientes Conhe\u00e7a os nossos Clientes C\u00e2mara Municipal de Nisa Herdade da Urgueira &#8211; Perais C\u00e2mara Municipal da Guarda C\u00e2mara Municipal de Vila Velha de R\u00f3d\u00e3o Data Center &#8211; Covilh\u00e3 Bitzer \u2013 Castelo Branco Interprev, Lda Intermerch\u00e9 Alcains Intermarch\u00e9 Idanha a Nova MECALBI, Lda H2otel \u2013 Unhais da Serra Pura L\u00e3 &#8211; Covilh\u00e3 Lojas DIA\/Minipre\u00e7o Clube [&hellip;]","og_url":"https:\/\/www.hidropaisagem.pt\/hidropaisagem\/clientes\/","og_site_name":"Hidropaisagem","article_modified_time":"2025-01-17T19:49:36+00:00","twitter_card":"summary_large_image","twitter_misc":{"Tempo estimado de leitura":"2 minutos"},"schema":{"@context":"https:\/\/schema.org","@graph":[{"@type":"WebPage","@id":"https:\/\/www.hidropaisagem.pt\/hidropaisagem\/clientes\/","url":"https:\/\/www.hidropaisagem.pt\/hidropaisagem\/clientes\/","name":"Clientes - Hidropaisagem","isPartOf":{"@id":"https:\/\/www.hidropaisagem.pt\/hidropaisagem\/#website"},"datePublished":"2025-01-17T10:54:14+00:00","dateModified":"2025-01-17T19:49:36+00:00","breadcrumb":{"@id":"https:\/\/www.hidropaisagem.pt\/hidropaisagem\/clientes\/#breadcrumb"},"inLanguage":"pt-PT","potentialAction":[{"@type":"ReadAction","target":["https:\/\/www.hidropaisagem.pt\/hidropaisagem\/clientes\/"]}]},{"@type":"BreadcrumbList","@id":"https:\/\/www.hidropaisagem.pt\/hidropaisagem\/clientes\/#breadcrumb","itemListElement":[{"@type":"ListItem","position":1,"name":"In\u00edcio","item":"https:\/\/www.hidropaisagem.pt\/hidropaisagem\/"},{"@type":"ListItem","position":2,"name":"Clientes"}]},{"@type":"WebSite","@id":"https:\/\/www.hidropaisagem.pt\/hidropaisagem\/#website","url":"https:\/\/www.hidropaisagem.pt\/hidropaisagem\/","name":"Hidropaisagem","description":"","potentialAction":[{"@type":"SearchAction","target":{"@type":"EntryPoint","urlTemplate":"https:\/\/www.hidropaisagem.pt\/hidropaisagem\/?s={search_term_string}"},"query-input":{"@type":"PropertyValueSpecification","valueRequired":true,"valueName":"search_term_string"}}],"inLanguage":"pt-PT"}]}},"_links":{"self":[{"href":"https:\/\/www.hidropaisagem.pt\/hidropaisagem\/wp-json\/wp\/v2\/pages\/369","targetHints":{"allow":["GET"]}}],"collection":[{"href":"https:\/\/www.hidropaisagem.pt\/hidropaisagem\/wp-json\/wp\/v2\/pages"}],"about":[{"href":"https:\/\/www.hidropaisagem.pt\/hidropaisagem\/wp-json\/wp\/v2\/types\/page"}],"author":[{"embeddable":true,"href":"https:\/\/www.hidropaisagem.pt\/hidropaisagem\/wp-json\/wp\/v2\/users\/1"}],"replies":[{"embeddable":true,"href":"https:\/\/www.hidropaisagem.pt\/hidropaisagem\/wp-json\/wp\/v2\/comments?post=369"}],"version-history":[{"count":22,"href":"https:\/\/www.hidropaisagem.pt\/hidropaisagem\/wp-json\/wp\/v2\/pages\/369\/revisions"}],"predecessor-version":[{"id":433,"href":"https:\/\/www.hidropaisagem.pt\/hidropaisagem\/wp-json\/wp\/v2\/pages\/369\/revisions\/433"}],"wp:attachment":[{"href":"https:\/\/www.hidropaisagem.pt\/hidropaisagem\/wp-json\/wp\/v2\/media?parent=369"}],"curies":[{"name":"wp","href":"https:\/\/api.w.org\/{rel}","templated":true}]}}