{"id":151,"date":"2024-12-19T17:03:08","date_gmt":"2024-12-19T17:03:08","guid":{"rendered":"https:\/\/www.hidropaisagem.pt\/hidropaisagem\/?page_id=151"},"modified":"2024-12-19T17:11:06","modified_gmt":"2024-12-19T17:11:06","slug":"resolucao-alternativa-de-litigios","status":"publish","type":"page","link":"https:\/\/www.hidropaisagem.pt\/hidropaisagem\/resolucao-alternativa-de-litigios\/","title":{"rendered":"Resolu\u00e7\u00e3o Alternativa de Lit\u00edgios"},"content":{"rendered":"\t\t<div data-elementor-type=\"wp-page\" data-elementor-id=\"151\" class=\"elementor elementor-151\" data-elementor-post-type=\"page\">\n\t\t\t\t<div class=\"elementor-element elementor-element-4ad2d62 e-con-full e-flex e-con e-parent\" data-id=\"4ad2d62\" data-element_type=\"container\">\n\t\t\t\t<div class=\"elementor-element elementor-element-67f7564 elementor-widget elementor-widget-template\" data-id=\"67f7564\" data-element_type=\"widget\" data-widget_type=\"template.default\">\n\t\t\t\t<div class=\"elementor-widget-container\">\n\t\t\t\t\t\t\t<div class=\"elementor-template\">\n\t\t\t\t\t<div data-elementor-type=\"section\" data-elementor-id=\"103\" class=\"elementor elementor-103\" data-elementor-post-type=\"elementor_library\">\n\t\t\t<div class=\"elementor-element elementor-element-ec49e25 e-flex e-con-boxed e-con e-parent\" data-id=\"ec49e25\" data-element_type=\"container\" data-settings=\"{&quot;background_background&quot;:&quot;classic&quot;}\">\n\t\t\t\t\t<div class=\"e-con-inner\">\n\t\t\t\t<div class=\"elementor-element elementor-element-5059ca2 elementor-widget elementor-widget-heading\" data-id=\"5059ca2\" data-element_type=\"widget\" data-widget_type=\"heading.default\">\n\t\t\t\t<div class=\"elementor-widget-container\">\n\t\t\t\t\t<h2 class=\"elementor-heading-title elementor-size-default\">Resolu\u00e7\u00e3o Alternativa de Lit\u00edgios<\/h2>\t\t\t\t<\/div>\n\t\t\t\t<\/div>\n\t\t\t\t<div class=\"elementor-element elementor-element-7506c73 elementor-widget elementor-widget-breadcrumbs\" data-id=\"7506c73\" data-element_type=\"widget\" data-widget_type=\"breadcrumbs.default\">\n\t\t\t\t<div class=\"elementor-widget-container\">\n\t\t\t\t\t<p id=\"breadcrumbs\"><span><span><a href=\"https:\/\/www.hidropaisagem.pt\/hidropaisagem\/\">In\u00edcio<\/a><\/span><\/span><\/p>\t\t\t\t<\/div>\n\t\t\t\t<\/div>\n\t\t\t\t\t<\/div>\n\t\t\t\t<\/div>\n\t\t\t\t<\/div>\n\t\t\t\t<\/div>\n\t\t\t\t\t\t<\/div>\n\t\t\t\t<\/div>\n\t\t\t\t<\/div>\n\t\t<div class=\"elementor-element elementor-element-1b207e6 e-flex e-con-boxed e-con e-parent\" data-id=\"1b207e6\" data-element_type=\"container\">\n\t\t\t\t\t<div class=\"e-con-inner\">\n\t\t\t\t<div class=\"elementor-element elementor-element-563255f custom-aa elementor-widget elementor-widget-text-editor\" data-id=\"563255f\" data-element_type=\"widget\" data-widget_type=\"text-editor.default\">\n\t\t\t\t<div class=\"elementor-widget-container\">\n\t\t\t\t\t\t\t\t\t<p>Em caso de lit\u00edgio o consumidor pode recorrer a uma entidade de Resolu\u00e7\u00e3o Alternativa de Lit\u00edgios de Consumo (RAL). As entidades de Resolu\u00e7\u00e3o Alternativa de Lit\u00edgios de Consumo (RAL) s\u00e3o as entidades autorizadas a efetuar a media\u00e7\u00e3o, concilia\u00e7\u00e3o e arbitragem de lit\u00edgios de consumo em Portugal que estejam inscritas na lista de entidades RAL prevista pela Lei n.\u00ba 144\/2015. Caso pretenda efetuar uma reclama\u00e7\u00e3o, aceda a este site: <a class=\"waffle-rich-text-link\" href=\"https:\/\/www.cniacc.pt\/pt\/\" target=\"_blank\" rel=\"noopener\">https:\/\/www.cniacc.pt\/pt\/<\/a><\/p>\t\t\t\t\t\t\t\t<\/div>\n\t\t\t\t<\/div>\n\t\t\t\t\t<\/div>\n\t\t\t\t<\/div>\n\t\t\t\t<\/div>\n\t\t","protected":false},"excerpt":{"rendered":"<p>Em caso de lit\u00edgio o consumidor pode recorrer a uma entidade de Resolu\u00e7\u00e3o Alternativa de Lit\u00edgios de Consumo (RAL). As entidades de Resolu\u00e7\u00e3o Alternativa de Lit\u00edgios de Consumo (RAL) s\u00e3o as entidades autorizadas a efetuar a media\u00e7\u00e3o, concilia\u00e7\u00e3o e arbitragem de lit\u00edgios de consumo em Portugal que estejam inscritas na lista de entidades RAL prevista [&hellip;]<\/p>\n","protected":false},"author":1,"featured_media":0,"parent":0,"menu_order":0,"comment_status":"closed","ping_status":"closed","template":"","meta":{"footnotes":""},"class_list":["post-151","page","type-page","status-publish","hentry"],"yoast_head":"<!-- This site is optimized with the Yoast SEO plugin v24.1 - https:\/\/yoast.com\/wordpress\/plugins\/seo\/ -->\n<title>Resolu\u00e7\u00e3o Alternativa de Lit\u00edgios - Hidropaisagem<\/title>\n<meta name=\"robots\" content=\"index, follow, max-snippet:-1, max-image-preview:large, max-video-preview:-1\" \/>\n<link rel=\"canonical\" href=\"https:\/\/www.hidropaisagem.pt\/hidropaisagem\/resolucao-alternativa-de-litigios\/\" \/>\n<meta property=\"og:locale\" content=\"pt_PT\" \/>\n<meta property=\"og:type\" content=\"article\" \/>\n<meta property=\"og:title\" content=\"Resolu\u00e7\u00e3o Alternativa de Lit\u00edgios - Hidropaisagem\" \/>\n<meta property=\"og:description\" content=\"Em caso de lit\u00edgio o consumidor pode recorrer a uma entidade de Resolu\u00e7\u00e3o Alternativa de Lit\u00edgios de Consumo (RAL). As entidades de Resolu\u00e7\u00e3o Alternativa de Lit\u00edgios de Consumo (RAL) s\u00e3o as entidades autorizadas a efetuar a media\u00e7\u00e3o, concilia\u00e7\u00e3o e arbitragem de lit\u00edgios de consumo em Portugal que estejam inscritas na lista de entidades RAL prevista [&hellip;]\" \/>\n<meta property=\"og:url\" content=\"https:\/\/www.hidropaisagem.pt\/hidropaisagem\/resolucao-alternativa-de-litigios\/\" \/>\n<meta property=\"og:site_name\" content=\"Hidropaisagem\" \/>\n<meta property=\"article:modified_time\" content=\"2024-12-19T17:11:06+00:00\" \/>\n<meta name=\"twitter:card\" content=\"summary_large_image\" \/>\n<meta name=\"twitter:label1\" content=\"Tempo estimado de leitura\" \/>\n\t<meta name=\"twitter:data1\" content=\"1 minuto\" \/>\n<script type=\"application\/ld+json\" class=\"yoast-schema-graph\">{\"@context\":\"https:\/\/schema.org\",\"@graph\":[{\"@type\":\"WebPage\",\"@id\":\"https:\/\/www.hidropaisagem.pt\/hidropaisagem\/resolucao-alternativa-de-litigios\/\",\"url\":\"https:\/\/www.hidropaisagem.pt\/hidropaisagem\/resolucao-alternativa-de-litigios\/\",\"name\":\"Resolu\u00e7\u00e3o Alternativa de Lit\u00edgios - Hidropaisagem\",\"isPartOf\":{\"@id\":\"https:\/\/www.hidropaisagem.pt\/hidropaisagem\/#website\"},\"datePublished\":\"2024-12-19T17:03:08+00:00\",\"dateModified\":\"2024-12-19T17:11:06+00:00\",\"breadcrumb\":{\"@id\":\"https:\/\/www.hidropaisagem.pt\/hidropaisagem\/resolucao-alternativa-de-litigios\/#breadcrumb\"},\"inLanguage\":\"pt-PT\",\"potentialAction\":[{\"@type\":\"ReadAction\",\"target\":[\"https:\/\/www.hidropaisagem.pt\/hidropaisagem\/resolucao-alternativa-de-litigios\/\"]}]},{\"@type\":\"BreadcrumbList\",\"@id\":\"https:\/\/www.hidropaisagem.pt\/hidropaisagem\/resolucao-alternativa-de-litigios\/#breadcrumb\",\"itemListElement\":[{\"@type\":\"ListItem\",\"position\":1,\"name\":\"In\u00edcio\",\"item\":\"https:\/\/www.hidropaisagem.pt\/hidropaisagem\/\"},{\"@type\":\"ListItem\",\"position\":2,\"name\":\"Resolu\u00e7\u00e3o Alternativa de Lit\u00edgios\"}]},{\"@type\":\"WebSite\",\"@id\":\"https:\/\/www.hidropaisagem.pt\/hidropaisagem\/#website\",\"url\":\"https:\/\/www.hidropaisagem.pt\/hidropaisagem\/\",\"name\":\"Hidropaisagem\",\"description\":\"\",\"potentialAction\":[{\"@type\":\"SearchAction\",\"target\":{\"@type\":\"EntryPoint\",\"urlTemplate\":\"https:\/\/www.hidropaisagem.pt\/hidropaisagem\/?s={search_term_string}\"},\"query-input\":{\"@type\":\"PropertyValueSpecification\",\"valueRequired\":true,\"valueName\":\"search_term_string\"}}],\"inLanguage\":\"pt-PT\"}]}<\/script>\n<!-- \/ Yoast SEO plugin. -->","yoast_head_json":{"title":"Resolu\u00e7\u00e3o Alternativa de Lit\u00edgios - Hidropaisagem","robots":{"index":"index","follow":"follow","max-snippet":"max-snippet:-1","max-image-preview":"max-image-preview:large","max-video-preview":"max-video-preview:-1"},"canonical":"https:\/\/www.hidropaisagem.pt\/hidropaisagem\/resolucao-alternativa-de-litigios\/","og_locale":"pt_PT","og_type":"article","og_title":"Resolu\u00e7\u00e3o Alternativa de Lit\u00edgios - Hidropaisagem","og_description":"Em caso de lit\u00edgio o consumidor pode recorrer a uma entidade de Resolu\u00e7\u00e3o Alternativa de Lit\u00edgios de Consumo (RAL). As entidades de Resolu\u00e7\u00e3o Alternativa de Lit\u00edgios de Consumo (RAL) s\u00e3o as entidades autorizadas a efetuar a media\u00e7\u00e3o, concilia\u00e7\u00e3o e arbitragem de lit\u00edgios de consumo em Portugal que estejam inscritas na lista de entidades RAL prevista [&hellip;]","og_url":"https:\/\/www.hidropaisagem.pt\/hidropaisagem\/resolucao-alternativa-de-litigios\/","og_site_name":"Hidropaisagem","article_modified_time":"2024-12-19T17:11:06+00:00","twitter_card":"summary_large_image","twitter_misc":{"Tempo estimado de leitura":"1 minuto"},"schema":{"@context":"https:\/\/schema.org","@graph":[{"@type":"WebPage","@id":"https:\/\/www.hidropaisagem.pt\/hidropaisagem\/resolucao-alternativa-de-litigios\/","url":"https:\/\/www.hidropaisagem.pt\/hidropaisagem\/resolucao-alternativa-de-litigios\/","name":"Resolu\u00e7\u00e3o Alternativa de Lit\u00edgios - Hidropaisagem","isPartOf":{"@id":"https:\/\/www.hidropaisagem.pt\/hidropaisagem\/#website"},"datePublished":"2024-12-19T17:03:08+00:00","dateModified":"2024-12-19T17:11:06+00:00","breadcrumb":{"@id":"https:\/\/www.hidropaisagem.pt\/hidropaisagem\/resolucao-alternativa-de-litigios\/#breadcrumb"},"inLanguage":"pt-PT","potentialAction":[{"@type":"ReadAction","target":["https:\/\/www.hidropaisagem.pt\/hidropaisagem\/resolucao-alternativa-de-litigios\/"]}]},{"@type":"BreadcrumbList","@id":"https:\/\/www.hidropaisagem.pt\/hidropaisagem\/resolucao-alternativa-de-litigios\/#breadcrumb","itemListElement":[{"@type":"ListItem","position":1,"name":"In\u00edcio","item":"https:\/\/www.hidropaisagem.pt\/hidropaisagem\/"},{"@type":"ListItem","position":2,"name":"Resolu\u00e7\u00e3o Alternativa de Lit\u00edgios"}]},{"@type":"WebSite","@id":"https:\/\/www.hidropaisagem.pt\/hidropaisagem\/#website","url":"https:\/\/www.hidropaisagem.pt\/hidropaisagem\/","name":"Hidropaisagem","description":"","potentialAction":[{"@type":"SearchAction","target":{"@type":"EntryPoint","urlTemplate":"https:\/\/www.hidropaisagem.pt\/hidropaisagem\/?s={search_term_string}"},"query-input":{"@type":"PropertyValueSpecification","valueRequired":true,"valueName":"search_term_string"}}],"inLanguage":"pt-PT"}]}},"_links":{"self":[{"href":"https:\/\/www.hidropaisagem.pt\/hidropaisagem\/wp-json\/wp\/v2\/pages\/151","targetHints":{"allow":["GET"]}}],"collection":[{"href":"https:\/\/www.hidropaisagem.pt\/hidropaisagem\/wp-json\/wp\/v2\/pages"}],"about":[{"href":"https:\/\/www.hidropaisagem.pt\/hidropaisagem\/wp-json\/wp\/v2\/types\/page"}],"author":[{"embeddable":true,"href":"https:\/\/www.hidropaisagem.pt\/hidropaisagem\/wp-json\/wp\/v2\/users\/1"}],"replies":[{"embeddable":true,"href":"https:\/\/www.hidropaisagem.pt\/hidropaisagem\/wp-json\/wp\/v2\/comments?post=151"}],"version-history":[{"count":4,"href":"https:\/\/www.hidropaisagem.pt\/hidropaisagem\/wp-json\/wp\/v2\/pages\/151\/revisions"}],"predecessor-version":[{"id":156,"href":"https:\/\/www.hidropaisagem.pt\/hidropaisagem\/wp-json\/wp\/v2\/pages\/151\/revisions\/156"}],"wp:attachment":[{"href":"https:\/\/www.hidropaisagem.pt\/hidropaisagem\/wp-json\/wp\/v2\/media?parent=151"}],"curies":[{"name":"wp","href":"https:\/\/api.w.org\/{rel}","templated":true}]}}